{"id":212,"date":"2021-10-07T16:42:31","date_gmt":"2021-10-07T16:42:31","guid":{"rendered":"https:\/\/resto.e-reaxion.com.ar\/?post_type=product&#038;p=212"},"modified":"2021-10-07T16:42:32","modified_gmt":"2021-10-07T16:42:32","slug":"namura-x3","status":"publish","type":"product","link":"https:\/\/resto.e-reaxion.com.ar\/index.php\/producto\/namura-x3\/","title":{"rendered":"Namura x3"},"content":{"rendered":"","protected":false},"excerpt":{"rendered":"<div class=\"detalle\">\n<div class=\"descripcion\">\n<div class=\"ng-tns-c1-0 ng-star-inserted\">Es un suculento pastelillo, aderezado de un alm\u00edbar, a base de agua de Azahar y jugo de Lim\u00f3n, realmente delicioso, muy propio de los pa\u00edses del medio oriente.<\/div>\n<\/div>\n<\/div>\n","protected":false},"featured_media":210,"template":"","meta":[],"product_cat":[21],"product_tag":[],"_links":{"self":[{"href":"https:\/\/resto.e-reaxion.com.ar\/index.php\/wp-json\/wp\/v2\/product\/212"}],"collection":[{"href":"https:\/\/resto.e-reaxion.com.ar\/index.php\/wp-json\/wp\/v2\/product"}],"about":[{"href":"https:\/\/resto.e-reaxion.com.ar\/index.php\/wp-json\/wp\/v2\/types\/product"}],"wp:featuredmedia":[{"embeddable":true,"href":"https:\/\/resto.e-reaxion.com.ar\/index.php\/wp-json\/wp\/v2\/media\/210"}],"wp:attachment":[{"href":"https:\/\/resto.e-reaxion.com.ar\/index.php\/wp-json\/wp\/v2\/media?parent=212"}],"wp:term":[{"taxonomy":"product_cat","embeddable":true,"href":"https:\/\/resto.e-reaxion.com.ar\/index.php\/wp-json\/wp\/v2\/product_cat?post=212"},{"taxonomy":"product_tag","embeddable":true,"href":"https:\/\/resto.e-reaxion.com.ar\/index.php\/wp-json\/wp\/v2\/product_tag?post=212"}],"curies":[{"name":"wp","href":"https:\/\/api.w.org\/{rel}","templated":true}]}}