{"id":151,"date":"2021-10-07T16:10:16","date_gmt":"2021-10-07T16:10:16","guid":{"rendered":"https:\/\/resto.e-reaxion.com.ar\/?post_type=product&#038;p=151"},"modified":"2021-10-07T16:10:16","modified_gmt":"2021-10-07T16:10:16","slug":"shawarma-de-carne-con-papas","status":"publish","type":"product","link":"https:\/\/resto.e-reaxion.com.ar\/index.php\/producto\/shawarma-de-carne-con-papas\/","title":{"rendered":"Shawarma de Carne (con papas)"},"content":{"rendered":"","protected":false},"excerpt":{"rendered":"<p>Una receta de Shawarma hecho con carne vacuna, acompa\u00f1ado de lechuga, tomate, cebolla morada y mayonesa casera + PORCI\u00d3N PAPAS R\u00daSTICAS<\/p>\n","protected":false},"featured_media":143,"template":"","meta":[],"product_cat":[17],"product_tag":[],"_links":{"self":[{"href":"https:\/\/resto.e-reaxion.com.ar\/index.php\/wp-json\/wp\/v2\/product\/151"}],"collection":[{"href":"https:\/\/resto.e-reaxion.com.ar\/index.php\/wp-json\/wp\/v2\/product"}],"about":[{"href":"https:\/\/resto.e-reaxion.com.ar\/index.php\/wp-json\/wp\/v2\/types\/product"}],"wp:featuredmedia":[{"embeddable":true,"href":"https:\/\/resto.e-reaxion.com.ar\/index.php\/wp-json\/wp\/v2\/media\/143"}],"wp:attachment":[{"href":"https:\/\/resto.e-reaxion.com.ar\/index.php\/wp-json\/wp\/v2\/media?parent=151"}],"wp:term":[{"taxonomy":"product_cat","embeddable":true,"href":"https:\/\/resto.e-reaxion.com.ar\/index.php\/wp-json\/wp\/v2\/product_cat?post=151"},{"taxonomy":"product_tag","embeddable":true,"href":"https:\/\/resto.e-reaxion.com.ar\/index.php\/wp-json\/wp\/v2\/product_tag?post=151"}],"curies":[{"name":"wp","href":"https:\/\/api.w.org\/{rel}","templated":true}]}}