{"id":150,"date":"2021-10-07T16:09:42","date_gmt":"2021-10-07T16:09:42","guid":{"rendered":"https:\/\/resto.e-reaxion.com.ar\/?post_type=product&#038;p=150"},"modified":"2021-10-07T16:09:42","modified_gmt":"2021-10-07T16:09:42","slug":"shawarma-de-falafel-con-papas","status":"publish","type":"product","link":"https:\/\/resto.e-reaxion.com.ar\/index.php\/producto\/shawarma-de-falafel-con-papas\/","title":{"rendered":"Shawarma de Falafel (con papas)"},"content":{"rendered":"","protected":false},"excerpt":{"rendered":"<p>Una receta de Shawarma hecho con falafel, acompa\u00f1ado de lechuga, tomate, cebolla morada y salsa de yogurt griego + PORCI\u00d3N PAPAS R\u00daSTICAS<\/p>\n","protected":false},"featured_media":139,"template":"","meta":[],"product_cat":[17],"product_tag":[],"_links":{"self":[{"href":"https:\/\/resto.e-reaxion.com.ar\/index.php\/wp-json\/wp\/v2\/product\/150"}],"collection":[{"href":"https:\/\/resto.e-reaxion.com.ar\/index.php\/wp-json\/wp\/v2\/product"}],"about":[{"href":"https:\/\/resto.e-reaxion.com.ar\/index.php\/wp-json\/wp\/v2\/types\/product"}],"wp:featuredmedia":[{"embeddable":true,"href":"https:\/\/resto.e-reaxion.com.ar\/index.php\/wp-json\/wp\/v2\/media\/139"}],"wp:attachment":[{"href":"https:\/\/resto.e-reaxion.com.ar\/index.php\/wp-json\/wp\/v2\/media?parent=150"}],"wp:term":[{"taxonomy":"product_cat","embeddable":true,"href":"https:\/\/resto.e-reaxion.com.ar\/index.php\/wp-json\/wp\/v2\/product_cat?post=150"},{"taxonomy":"product_tag","embeddable":true,"href":"https:\/\/resto.e-reaxion.com.ar\/index.php\/wp-json\/wp\/v2\/product_tag?post=150"}],"curies":[{"name":"wp","href":"https:\/\/api.w.org\/{rel}","templated":true}]}}