{"id":118,"date":"2021-10-07T16:04:30","date_gmt":"2021-10-07T16:04:30","guid":{"rendered":"https:\/\/resto.e-reaxion.com.ar\/?post_type=product&#038;p=118"},"modified":"2022-04-22T00:08:25","modified_gmt":"2022-04-22T00:08:25","slug":"menu-para-4","status":"publish","type":"product","link":"https:\/\/resto.e-reaxion.com.ar\/index.php\/producto\/menu-para-4\/","title":{"rendered":"Menu para 4"},"content":{"rendered":"","protected":false},"excerpt":{"rendered":"<p>12 Empanadas + 12 Ni\u00f1os en Parra + 4 Tripas + 4 Keppe + 4 panes + 2 acompa\u00f1amiento a elecci\u00f3n<\/p>\n","protected":false},"featured_media":72,"template":"","meta":[],"product_cat":[23],"product_tag":[],"_links":{"self":[{"href":"https:\/\/resto.e-reaxion.com.ar\/index.php\/wp-json\/wp\/v2\/product\/118"}],"collection":[{"href":"https:\/\/resto.e-reaxion.com.ar\/index.php\/wp-json\/wp\/v2\/product"}],"about":[{"href":"https:\/\/resto.e-reaxion.com.ar\/index.php\/wp-json\/wp\/v2\/types\/product"}],"wp:featuredmedia":[{"embeddable":true,"href":"https:\/\/resto.e-reaxion.com.ar\/index.php\/wp-json\/wp\/v2\/media\/72"}],"wp:attachment":[{"href":"https:\/\/resto.e-reaxion.com.ar\/index.php\/wp-json\/wp\/v2\/media?parent=118"}],"wp:term":[{"taxonomy":"product_cat","embeddable":true,"href":"https:\/\/resto.e-reaxion.com.ar\/index.php\/wp-json\/wp\/v2\/product_cat?post=118"},{"taxonomy":"product_tag","embeddable":true,"href":"https:\/\/resto.e-reaxion.com.ar\/index.php\/wp-json\/wp\/v2\/product_tag?post=118"}],"curies":[{"name":"wp","href":"https:\/\/api.w.org\/{rel}","templated":true}]}}