{"id":109,"date":"2021-10-07T16:02:10","date_gmt":"2021-10-07T16:02:10","guid":{"rendered":"https:\/\/resto.e-reaxion.com.ar\/?post_type=product&#038;p=109"},"modified":"2022-04-22T00:09:18","modified_gmt":"2022-04-22T00:09:18","slug":"picada-para-3","status":"publish","type":"product","link":"https:\/\/resto.e-reaxion.com.ar\/index.php\/producto\/picada-para-3\/","title":{"rendered":"Picada para 3"},"content":{"rendered":"","protected":false},"excerpt":{"rendered":"<p>6 Ni\u00f1os en Parra + 4 Tripas + 2 Keppe + 2 pan pita + 1 acompa\u00f1amiento a elecci\u00f3n<\/p>\n","protected":false},"featured_media":73,"template":"","meta":[],"product_cat":[23],"product_tag":[],"_links":{"self":[{"href":"https:\/\/resto.e-reaxion.com.ar\/index.php\/wp-json\/wp\/v2\/product\/109"}],"collection":[{"href":"https:\/\/resto.e-reaxion.com.ar\/index.php\/wp-json\/wp\/v2\/product"}],"about":[{"href":"https:\/\/resto.e-reaxion.com.ar\/index.php\/wp-json\/wp\/v2\/types\/product"}],"wp:featuredmedia":[{"embeddable":true,"href":"https:\/\/resto.e-reaxion.com.ar\/index.php\/wp-json\/wp\/v2\/media\/73"}],"wp:attachment":[{"href":"https:\/\/resto.e-reaxion.com.ar\/index.php\/wp-json\/wp\/v2\/media?parent=109"}],"wp:term":[{"taxonomy":"product_cat","embeddable":true,"href":"https:\/\/resto.e-reaxion.com.ar\/index.php\/wp-json\/wp\/v2\/product_cat?post=109"},{"taxonomy":"product_tag","embeddable":true,"href":"https:\/\/resto.e-reaxion.com.ar\/index.php\/wp-json\/wp\/v2\/product_tag?post=109"}],"curies":[{"name":"wp","href":"https:\/\/api.w.org\/{rel}","templated":true}]}}